{"id":626,"date":"2022-01-19T09:40:27","date_gmt":"2022-01-19T09:40:27","guid":{"rendered":"https:\/\/startersites.io\/stagingthree\/?page_id=626"},"modified":"2026-04-17T14:04:04","modified_gmt":"2026-04-17T14:04:04","slug":"home","status":"publish","type":"page","link":"https:\/\/ryndertec.es\/","title":{"rendered":"Inicio"},"content":{"rendered":"\n<div class=\"wp-block-stackable-columns alignfull stk-block-columns stk-block stk-1284f2b stk-block-background stk--has-background-overlay\" data-block-id=\"1284f2b\"><style>.stk-1284f2b .stk--block-align-1284f2b{align-items:center !important;}.stk-1284f2b {background-image:url(https:\/\/ryndertec.es\/wp-content\/uploads\/2026\/04\/tiendaAlbolote2.jpeg) !important;padding-top:300px !important;padding-bottom:250px !important;margin-bottom:0px !important;}.stk-1284f2b:before{background-color:#000000 !important;opacity:0.5 !important;}.stk-1284f2b-column{--stk-column-gap:35px !important;row-gap:10px !important;}@media screen and (max-width:999px){.stk-1284f2b {padding-top:200px !important;padding-bottom:180px !important;}}@media screen and (max-width:689px){.stk-1284f2b {padding-top:180px !important;padding-bottom:50px !important;}}<\/style><div class=\"stk-row stk-inner-blocks stk--block-align-1284f2b stk-block-content stk-content-align stk-1284f2b-column\">\n<div class=\"wp-block-stackable-column stk-block-column stk-column stk-block stk-281a693\" data-v=\"4\" data-block-id=\"281a693\"><style>.stk-281a693-container{margin-top:0px !important;margin-right:0px !important;margin-bottom:0px !important;margin-left:0px !important;}<\/style><div class=\"stk-column-wrapper stk-block-column__content stk-container stk-281a693-container stk--no-background stk--no-padding\"><div class=\"stk-block-content stk-inner-blocks stk-281a693-inner-blocks\">\n<div class=\"wp-block-stackable-heading stk-block-heading stk-block-heading--v2 stk-block stk-572946e\" id=\"rynder-tec\" data-block-id=\"572946e\"><style>.stk-572946e {margin-bottom:50px !important;}.stk-572946e .stk-block-heading__text{font-size:70px !important;color:var(--theme-palette-color-6, #f4f4f5) !important;}@media screen and (max-width:999px){.stk-572946e .stk-block-heading__text{font-size:40px !important;}}<\/style><h2 class=\"stk-block-heading__text has-text-color has-palette-color-6-color has-text-align-center-mobile\">Rynder Tec<\/h2><\/div>\n\n\n\n<div class=\"wp-block-stackable-text stk-block-text stk-block stk-bebfe4c\" data-block-id=\"bebfe4c\"><style>.stk-bebfe4c {margin-bottom:46px !important;}.stk-bebfe4c .stk-block-text__text{font-size:var(--stk--preset--font-size--medium, 20px) !important;color:var(--theme-palette-color-6, #f4f4f5) !important;}@media screen and (max-width:999px){.stk-bebfe4c .stk-block-text__text{font-size:var(--stk--preset--font-size--medium, 20px) !important;}}<\/style><p class=\"stk-block-text__text has-text-color has-palette-color-6-color has-text-align-center-mobile\">Reparamos ordenadores, port\u00e1tiles, m\u00f3viles y tablets de forma r\u00e1pida y fiable.\n<\/p><\/div>\n\n\n\n<div class=\"wp-block-stackable-button-group stk-block-button-group stk-block stk-50824cd\" data-block-id=\"50824cd\"><div class=\"stk-row stk-inner-blocks has-text-align-center-mobile stk-block-content stk-button-group\">\n<div class=\"wp-block-stackable-button stk-block-button stk-block stk-4701e58\" data-block-id=\"4701e58\"><style>.stk-4701e58 .stk-button{padding-right:25px !important;padding-left:25px !important;background:var(--theme-palette-color-1, #a8977b) !important;}.stk-4701e58 .stk-button__inner-text{font-size:18px !important;}@media screen and (max-width:999px){.stk-4701e58 .stk-button__inner-text{font-size:18px !important;}}<\/style><a class=\"stk-link stk-button stk--hover-effect-darken\" href=\"\"><span class=\"stk-button__inner-text\">Explore now<\/span><\/a><\/div>\n<\/div><\/div>\n<\/div><\/div><\/div>\n<\/div><\/div>\n\n\n\n<div class=\"wp-block-stackable-spacer stk-block-spacer stk--no-padding stk-block stk-326c18a\" data-block-id=\"326c18a\"><style>.stk-326c18a {height:50px !important;}@media screen and (max-width:999px){.stk-326c18a {height:80px !important;}}<\/style><\/div>\n\n\n\n<div class=\"wp-block-stackable-heading stk-block-heading stk-block-heading--v2 stk-block stk-263835a\" id=\"nuestros-servicios\" data-block-id=\"263835a\"><h2 class=\"stk-block-heading__text has-text-align-center\">Nuestros servicios<\/h2><\/div>\n\n\n\n<div class=\"wp-block-stackable-feature-grid alignwide stk-block-feature-grid stk-block-columns stk-block stk-735b756 is-style-default\" data-block-id=\"735b756\"><style>.stk-735b756 {margin-bottom:50px !important;}<\/style><div class=\"stk-row stk-inner-blocks has-text-align-center stk-block-content stk-content-align stk-735b756-column alignwide\">\n<div class=\"wp-block-stackable-column stk-block-column stk-column stk-block stk-24a3391\" data-v=\"4\" data-block-id=\"24a3391\"><div class=\"stk-column-wrapper stk-block-column__content stk-container stk-24a3391-container stk-hover-parent\"><div class=\"stk-block-content stk-inner-blocks stk-24a3391-inner-blocks\">\n<div class=\"wp-block-stackable-image stk-block-image stk-block stk-5e2e2ec\" data-block-id=\"5e2e2ec\"><style>.stk-5e2e2ec .stk-img-wrapper{width:128px !important;}<\/style><figure><span class=\"stk-img-wrapper stk-image--shape-stretch\"><img loading=\"lazy\" decoding=\"async\" class=\"stk-img wp-image-684\" src=\"https:\/\/ryndertec.es\/wp-content\/uploads\/2026\/04\/MaterialSymbolsPhoneAndroidRounded.svg\" width=\"32\" height=\"32\"\/><\/span><\/figure><\/div>\n\n\n\n<div class=\"wp-block-stackable-heading stk-block-heading stk-block-heading--v2 stk-block stk-d342c1c\" id=\"reparacion-de-moviles-y-tablets\" data-block-id=\"d342c1c\"><h4 class=\"stk-block-heading__text\">Reparaci\u00f3n de m\u00f3viles y tablets<\/h4><\/div>\n<\/div><\/div><\/div>\n\n\n\n<div class=\"wp-block-stackable-column stk-block-column stk-column stk-block stk-9e3f45e\" data-v=\"4\" data-block-id=\"9e3f45e\"><div class=\"stk-column-wrapper stk-block-column__content stk-container stk-9e3f45e-container stk-hover-parent\"><div class=\"stk-block-content stk-inner-blocks stk-9e3f45e-inner-blocks\">\n<div class=\"wp-block-stackable-image stk-block-image stk-block stk-700bda2\" data-block-id=\"700bda2\"><style>.stk-700bda2 .stk-img-wrapper{width:128px !important;}<\/style><figure><span class=\"stk-img-wrapper stk-image--shape-stretch\"><img loading=\"lazy\" decoding=\"async\" class=\"stk-img wp-image-682\" src=\"https:\/\/ryndertec.es\/wp-content\/uploads\/2026\/04\/MaterialSymbolsScooter.svg\" width=\"32\" height=\"32\"\/><\/span><\/figure><\/div>\n\n\n\n<div class=\"wp-block-stackable-heading stk-block-heading stk-block-heading--v2 stk-block stk-5a1b172\" id=\"reparacion-de-patinetes\" data-block-id=\"5a1b172\"><h4 class=\"stk-block-heading__text\">Reparaci\u00f3n de patinetes<\/h4><\/div>\n<\/div><\/div><\/div>\n\n\n\n<div class=\"wp-block-stackable-column stk-block-column stk-column stk-block stk-94ac8a1\" data-v=\"4\" data-block-id=\"94ac8a1\"><div class=\"stk-column-wrapper stk-block-column__content stk-container stk-94ac8a1-container stk-hover-parent\"><div class=\"stk-block-content stk-inner-blocks stk-94ac8a1-inner-blocks\">\n<div class=\"wp-block-stackable-image stk-block-image stk-block stk-f9c4319\" data-block-id=\"f9c4319\"><style>.stk-f9c4319 .stk-img-wrapper{width:128px !important;}<\/style><figure><span class=\"stk-img-wrapper stk-image--shape-stretch\"><img loading=\"lazy\" decoding=\"async\" class=\"stk-img wp-image-683\" src=\"https:\/\/ryndertec.es\/wp-content\/uploads\/2026\/04\/MaterialSymbolsComputer.svg\" width=\"32\" height=\"32\"\/><\/span><\/figure><\/div>\n\n\n\n<div class=\"wp-block-stackable-heading stk-block-heading stk-block-heading--v2 stk-block stk-7437b45\" id=\"reparacion-de-ordenadores\" data-block-id=\"7437b45\"><h4 class=\"stk-block-heading__text\">Reparaci\u00f3n de ordenadores<\/h4><\/div>\n<\/div><\/div><\/div>\n<\/div><\/div>\n\n\n\n<p><\/p>\n","protected":false},"excerpt":{"rendered":"<p>Rynder Tec Reparamos ordenadores, port\u00e1tiles, m\u00f3viles y tablets de forma r\u00e1pida y fiable. Explore now Nuestros servicios Reparaci\u00f3n de m\u00f3viles y tablets Reparaci\u00f3n de patinetes Reparaci\u00f3n de ordenadores<\/p>\n","protected":false},"author":1,"featured_media":0,"parent":0,"menu_order":0,"comment_status":"closed","ping_status":"closed","template":"","meta":{"footnotes":""},"class_list":["post-626","page","type-page","status-publish","hentry"],"blocksy_meta":{"styles_descriptor":{"styles":{"desktop":"","tablet":"","mobile":""},"google_fonts":[],"version":6},"page_title_panel":"","has_hero_section":"disabled","bf90c7e73d622f09d932d9ede19291af":"","hero_section":"type-1","hero_elements":[{"id":"custom_title","enabled":true,"heading_tag":"h1","title":"Home"},{"id":"custom_description","enabled":true,"description_visibility":{"desktop":true,"tablet":true,"mobile":false}},{"id":"custom_meta","enabled":false,"meta_elements":[{"id":"author","enabled":true,"label":"By","has_author_avatar":"yes","avatar_size":25},{"id":"post_date","enabled":true,"label":"On","date_format_source":"default","date_format":"M j, Y"},{"id":"updated_date","enabled":false,"label":"On","date_format_source":"default","date_format":"M j, Y"},{"id":"categories","enabled":false,"label":"In","style":"simple"},{"id":"comments","enabled":true}],"page_meta_elements":{"joined":true,"articles_count":true,"comments":true}},{"id":"breadcrumbs","enabled":false}],"1bb936d050d98091a01b6fe26c3bcfc6":"","hero_alignment1":"CT_CSS_SKIP_RULE","hero_margin":40,"hero_alignment2":"center","hero_vertical_alignment":"center","4083872c41a9a77d9a0de84fb191e85a":"","hero_structure":"narrow","0f469cf3d78f3f4115a0e26ec9b92140":"","page_title_bg_type":"featured_image","custom_hero_background":{"attachment_id":null},"parallax":{"desktop":false,"tablet":false,"mobile":false},"59defdb16ba91b9e3144b676805bbc2e":"","hero_height":"250px","pageTitleFont":{"family":"Default","variation":"Default","size":"30px","line-height":"CT_CSS_SKIP_RULE","letter-spacing":"CT_CSS_SKIP_RULE","text-transform":"CT_CSS_SKIP_RULE","text-decoration":"CT_CSS_SKIP_RULE"},"pageTitleFontColor":{"default":{"color":"CT_CSS_SKIP_RULEDEFAULT"}},"pageMetaFont":{"family":"Default","variation":"n6","size":"12px","line-height":"1.3","letter-spacing":"CT_CSS_SKIP_RULE","text-transform":"uppercase","text-decoration":"CT_CSS_SKIP_RULE"},"pageMetaFontColor":{"default":{"color":"CT_CSS_SKIP_RULEDEFAULT"},"hover":{"color":"CT_CSS_SKIP_RULEDEFAULT"}},"page_meta_button_type_font_colors":{"default":{"color":"CT_CSS_SKIP_RULEDEFAULT"},"hover":{"color":"CT_CSS_SKIP_RULEDEFAULT"}},"page_meta_button_type_background_colors":{"default":{"color":"CT_CSS_SKIP_RULEDEFAULT"},"hover":{"color":"CT_CSS_SKIP_RULEDEFAULT"}},"pageExcerptFont":{"family":"Default","variation":"Default","size":"CT_CSS_SKIP_RULE","line-height":"CT_CSS_SKIP_RULE","letter-spacing":"CT_CSS_SKIP_RULE","text-transform":"CT_CSS_SKIP_RULE","text-decoration":"CT_CSS_SKIP_RULE"},"pageExcerptColor":{"default":{"color":"CT_CSS_SKIP_RULEDEFAULT"}},"breadcrumbsFont":{"family":"Default","variation":"Default","size":"CT_CSS_SKIP_RULE","line-height":"CT_CSS_SKIP_RULE","letter-spacing":"CT_CSS_SKIP_RULE","text-transform":"CT_CSS_SKIP_RULE","text-decoration":"CT_CSS_SKIP_RULE"},"breadcrumbsFontColor":{"default":{"color":"CT_CSS_SKIP_RULEDEFAULT"},"initial":{"color":"CT_CSS_SKIP_RULEDEFAULT"},"hover":{"color":"CT_CSS_SKIP_RULEDEFAULT"}},"pageTitleOverlay":{"background_type":"color","background_pattern":"type-1","background_image":{"attachment_id":null,"x":0,"y":0},"gradient":"linear-gradient(135deg,rgba(6,147,227,1) 0%,rgb(155,81,224) 100%)","background_repeat":"repeat","background_size":"auto","background_attachment":"scroll","patternColor":{"default":{"color":"#e5e7ea"}},"overlayColor":{"default":{"color":"CT_CSS_SKIP_RULE"}},"backgroundColor":{"default":{"color":"CT_CSS_SKIP_RULE"}}},"pageTitleBackground":{"background_type":"color","background_pattern":"type-1","background_image":{"attachment_id":null,"x":0,"y":0},"gradient":"linear-gradient(135deg,rgba(6,147,227,1) 0%,rgb(155,81,224) 100%)","background_repeat":"repeat","background_size":"auto","background_attachment":"scroll","patternColor":{"default":{"color":"#e5e7ea"}},"overlayColor":{"default":{"color":"CT_CSS_SKIP_RULE"}},"backgroundColor":{"default":{"color":"var(--theme-palette-color-6)"}}},"pageTitlePadding":{"top":"50px","bottom":"50px","left":"auto","right":"auto","linked":true},"42350a7d4ce21a9bf76577a7a5bcdb35":"","page_structure_type":"default","f961df5b9423e83f30241b6274644288":"","content_style_source":"inherit","content_style":"wide","vertical_spacing_source":"custom","content_area_spacing":"none","background":{"background_type":"color","background_pattern":"type-1","background_image":{"attachment_id":null,"x":0,"y":0},"gradient":"linear-gradient(135deg,rgba(6,147,227,1) 0%,rgb(155,81,224) 100%)","background_repeat":"repeat","background_size":"auto","background_attachment":"scroll","patternColor":{"default":{"color":"#e5e7ea"}},"overlayColor":{"default":{"color":"CT_CSS_SKIP_RULE"}},"backgroundColor":{"default":{"color":"CT_CSS_SKIP_RULE"}}},"content_background":{"background_type":"color","background_pattern":"type-1","background_image":{"attachment_id":null,"x":0,"y":0},"gradient":"linear-gradient(135deg,rgba(6,147,227,1) 0%,rgb(155,81,224) 100%)","background_repeat":"repeat","background_size":"auto","background_attachment":"scroll","patternColor":{"default":{"color":"#e5e7ea"}},"overlayColor":{"default":{"color":"CT_CSS_SKIP_RULE"}},"backgroundColor":{"default":{"color":"var(--theme-palette-color-8)"}}},"content_boxed_shadow":{"inherit":false,"blur":18,"spread":-6,"v_offset":12,"h_offset":0,"inset":false,"enable":true,"color":{"color":"rgba(34, 56, 101, 0.04)"}},"boxed_content_spacing":{"desktop":{"top":"40px","bottom":"40px","left":"40px","right":"40px","linked":true},"tablet":{"top":"35px","bottom":"35px","left":"35px","right":"35px","linked":true},"mobile":{"top":"20px","bottom":"20px","left":"20px","right":"20px","linked":true}},"content_boxed_radius":{"top":"3px","bottom":"3px","left":"3px","right":"3px","linked":true},"6afeef3dc722849cc4012b426af9ed26":"","disable_featured_image":"no","disable_share_box":"no","disable_header":"no","disable_footer":"no"},"_links":{"self":[{"href":"https:\/\/ryndertec.es\/index.php?rest_route=\/wp\/v2\/pages\/626","targetHints":{"allow":["GET"]}}],"collection":[{"href":"https:\/\/ryndertec.es\/index.php?rest_route=\/wp\/v2\/pages"}],"about":[{"href":"https:\/\/ryndertec.es\/index.php?rest_route=\/wp\/v2\/types\/page"}],"author":[{"embeddable":true,"href":"https:\/\/ryndertec.es\/index.php?rest_route=\/wp\/v2\/users\/1"}],"replies":[{"embeddable":true,"href":"https:\/\/ryndertec.es\/index.php?rest_route=%2Fwp%2Fv2%2Fcomments&post=626"}],"version-history":[{"count":4,"href":"https:\/\/ryndertec.es\/index.php?rest_route=\/wp\/v2\/pages\/626\/revisions"}],"predecessor-version":[{"id":685,"href":"https:\/\/ryndertec.es\/index.php?rest_route=\/wp\/v2\/pages\/626\/revisions\/685"}],"wp:attachment":[{"href":"https:\/\/ryndertec.es\/index.php?rest_route=%2Fwp%2Fv2%2Fmedia&parent=626"}],"curies":[{"name":"wp","href":"https:\/\/api.w.org\/{rel}","templated":true}]}}